{"id":3,"date":"2024-04-22T17:39:28","date_gmt":"2024-04-22T17:39:28","guid":{"rendered":"https:\/\/restaurantepetitazca.es\/?page_id=3"},"modified":"2024-05-15T18:42:57","modified_gmt":"2024-05-15T18:42:57","slug":"politica-de-privacidad","status":"publish","type":"page","link":"https:\/\/restaurantepetitazca.es\/en\/politica-de-privacidad\/","title":{"rendered":"Privacy Policy"},"content":{"rendered":"<div data-elementor-type=\"wp-page\" data-elementor-id=\"3\" class=\"elementor elementor-3\" data-elementor-post-type=\"page\">\n\t\t\t\t<div class=\"elementor-element elementor-element-742edbc e-flex e-con-boxed e-con e-parent\" data-id=\"742edbc\" data-element_type=\"container\" data-e-type=\"container\" data-settings=\"{&quot;jet_parallax_layout_list&quot;:[]}\">\n\t\t\t\t\t<div class=\"e-con-inner\">\n\t\t\t\t<div class=\"elementor-element elementor-element-c830053 elementor-widget elementor-widget-heading\" data-id=\"c830053\" data-element_type=\"widget\" data-e-type=\"widget\" data-widget_type=\"heading.default\">\n\t\t\t\t<div class=\"elementor-widget-container\">\n\t\t\t\t\t<h2 class=\"elementor-heading-title elementor-size-default\">Privacy Policy<\/h2>\t\t\t\t<\/div>\n\t\t\t\t<\/div>\n\t\t\t\t<div class=\"elementor-element elementor-element-9340966 elementor-widget elementor-widget-text-editor\" data-id=\"9340966\" data-element_type=\"widget\" data-e-type=\"widget\" data-widget_type=\"text-editor.default\">\n\t\t\t\t<div class=\"elementor-widget-container\">\n\t\t\t\t\t\t\t\t\t<p>At Petit Azca Restaurante Bar we are especially aware of the confidentiality of personal data provided to us through the website, and through this policy, we inform the user regarding data protection, as well as the rights that They assist you.<\/p>\n<p>For this reason, and by virtue of the General Data Protection Regulation of the European Union (GDPR), Regulation EU 2016\/679 of the European Parliament and of the Council of April 27, 2016, and in accordance with the principle of transparency, we put at your disposal provision of relevant information on the processing of personal data, in order to make known at all times how we process the data, for what purpose and the corresponding rights.<\/p>\n<p><b>&nbsp;Responsible for the treatment:<\/b><br>FILSERRE SLU (hereinafter THE CONTROLLER), with NIF: B86244944 and registered office at: Avenida del Presidente Carmona N1. 28020, Madrid, Spain.<br>Email: thierry@restaurantepetitazca.es<\/p>\n<p>Contact of the data protection officer (DPO): There is no delegate, however, you can contact us by any of the means indicated above.<\/p>\n<p><b><br>Obtaining the data:<\/b><br>THE CONTROLLER has obtained the personal data that will be processed, through<br>from different channels:<br>\u2013 Voluntarily provided by the owner of the data, either through a web form, email, telephone or contract, for the request of any type of information or formalization and\/or acquisition of services or products.<br>\u2013 From sources accessible to the public and\/or public records, and whenever there is legitimate interest on the part of THE CONTROLLER to do so.<\/p>\n<p><b>&nbsp;Description of the purpose of the treatment:<br><\/b>The CONTROLLER will process your data in order to respond to requests made through this website. In addition, if you give your consent for the sending of commercial communications, promotions and information of interest to you, you may be sent information of a commercial nature and \/or advertising through the usual communication channels.<\/p>\n<p>However, said consent may be revoked at any time through the means provided for this purpose. We will process your data for commercial, administrative, accounting and tax management, in accordance with current regulations and based on the information provided and authorization granted.<\/p>\n<p><b>Data retention<br><\/b>The personal data provided will be kept as long as the relationship with the entity is maintained, and its deletion is not requested by the interested party. They will be kept in accordance with the established legal deadlines and depending on the purpose for which they were collected.<\/p>\n<p>In the event that the interested party is voluntarily subscribed to some type of commercial communications, newsletter, advertising, etc. The data will remain until you process your cancellation of this type of communications.<\/p>\n<p><b>Legitimization<br><\/b>The basis on which the processing of personal data by THE CONTROLLER is supported is covered by:<br>\u2013 The mere request by the interested party for any type of information.<br>\u2013 For the possible subscription to receive commercial communications through express consent.<br>\u2013 Formalization of a commercial relationship, resulting from the acquisition of products and\/or services.<br>\u2013 Legitimation for execution of a contract<\/p>\n<p><b>Recipients<br><\/b>While the data of the interested party is processed, THE CONTROLLER will not transfer the data to third parties, unless there is a legal obligation.<\/p>\n<p>In cases where, to carry out administrative, fiscal, accounting and\/or commercial treatments, the services of third parties are used, the mandatory treatment manager contract will be duly formalized, with the purpose of guaranteeing security and confidentiality. of the data of the interested party against third parties.<\/p>\n<p><b>Rights<br><\/b>The interested party, in relation to their personal data, can exercise the following rights freely and free of charge:<br>\u2013 Right of access to your personal data.<br>\u2013 Right to rectify your personal data, when it is incomplete or inaccurate.<br>\u2013 Right to delete your personal data, when it is not necessary for the purposes for which it was collected.<br>\u2013 Right to limit your processing, all data or part of it.<br>\u2013 Right to object to treatment.<br>\u2013 Right to data portability.<br>\u2013 Right to withdraw the consent previously given.<\/p>\n<p>If you feel your rights have been violated regarding the protection of your personal data, especially when you have not obtained satisfaction in the exercise of your rights, you can file a claim with the competent Data Protection Control Authority.<\/p>\n<p><b>Control Authority<br><\/b>If you require more information and\/or help, apart from what we can and wish to provide you, regarding Data Protection, you should know that the control authority in Spain that ensures compliance with the regulations on data protection data, which guarantees and protects the fundamental right to the protection of personal data is:<br>Spanish Data Protection Agency (AEPD)<br>C\/ Jorge Juan N\u00ba6<br>28001 \u2013 Madrid<br>901 100 099 \u2013 912 663 517<br><a href=\"https:\/\/www.aepd.es\/\" target=\"_blank\" rel=\"noopener\">www.agpd.es<\/a><\/p>\n<p>You can also contact us through this form.<\/p>\n<p>The AEPD informs and helps citizens to exercise their rights, as well as companies to comply with the obligations established by the Law.<\/p>\n<p>As the owner of its own data, the AEPD protects the exercise of the rights of access, rectification, cancellation, limitation, portability and opposition, when they have not been adequately attended to. And it guarantees the right to data protection, against actions that may be contrary to the law.<\/p>\t\t\t\t\t\t\t\t<\/div>\n\t\t\t\t<\/div>\n\t\t\t\t\t<\/div>\n\t\t\t\t<\/div>\n\t\t\t\t<\/div>","protected":false},"excerpt":{"rendered":"<p>Pol\u00edtica de Privacidad En Petit Azca Restaurante Bar estamos especialmente concienciados por la confidencialidad de los datos de car\u00e1cter personal que se nos facilitan a trav\u00e9s de la p\u00e1gina web, y mediante esta pol\u00edtica, informamos al usuario, en materia de protecci\u00f3n de datos, as\u00ed como de los derechos que le asisten. Por ello, y en [&hellip;]<\/p>\n","protected":false},"author":1,"featured_media":0,"parent":0,"menu_order":0,"comment_status":"closed","ping_status":"open","template":"","meta":{"footnotes":""},"class_list":["post-3","page","type-page","status-publish","hentry"],"yoast_head":"<!-- This site is optimized with the Yoast SEO plugin v27.4 - https:\/\/yoast.com\/product\/yoast-seo-wordpress\/ -->\n<title>Pol\u00edtica de Privacidad - Petit Azca<\/title>\n<meta name=\"robots\" content=\"index, follow, max-snippet:-1, max-image-preview:large, max-video-preview:-1\" \/>\n<link rel=\"canonical\" href=\"https:\/\/restaurantepetitazca.es\/en\/politica-de-privacidad\/\" \/>\n<meta property=\"og:locale\" content=\"en_US\" \/>\n<meta property=\"og:type\" content=\"article\" \/>\n<meta property=\"og:title\" content=\"Pol\u00edtica de Privacidad - Petit Azca\" \/>\n<meta property=\"og:description\" content=\"Pol\u00edtica de Privacidad En Petit Azca Restaurante Bar estamos especialmente concienciados por la confidencialidad de los datos de car\u00e1cter personal que se nos facilitan a trav\u00e9s de la p\u00e1gina web, y mediante esta pol\u00edtica, informamos al usuario, en materia de protecci\u00f3n de datos, as\u00ed como de los derechos que le asisten. Por ello, y en [&hellip;]\" \/>\n<meta property=\"og:url\" content=\"https:\/\/restaurantepetitazca.es\/en\/politica-de-privacidad\/\" \/>\n<meta property=\"og:site_name\" content=\"Petit Azca\" \/>\n<meta property=\"article:modified_time\" content=\"2024-05-15T18:42:57+00:00\" \/>\n<meta name=\"twitter:card\" content=\"summary_large_image\" \/>\n<meta name=\"twitter:label1\" content=\"Est. reading time\" \/>\n\t<meta name=\"twitter:data1\" content=\"5 minutes\" \/>\n<script type=\"application\/ld+json\" class=\"yoast-schema-graph\">{\"@context\":\"https:\\\/\\\/schema.org\",\"@graph\":[{\"@type\":\"WebPage\",\"@id\":\"https:\\\/\\\/restaurantepetitazca.es\\\/politica-de-privacidad\\\/\",\"url\":\"https:\\\/\\\/restaurantepetitazca.es\\\/politica-de-privacidad\\\/\",\"name\":\"Pol\u00edtica de Privacidad - Petit Azca\",\"isPartOf\":{\"@id\":\"https:\\\/\\\/restaurantepetitazca.es\\\/#website\"},\"datePublished\":\"2024-04-22T17:39:28+00:00\",\"dateModified\":\"2024-05-15T18:42:57+00:00\",\"breadcrumb\":{\"@id\":\"https:\\\/\\\/restaurantepetitazca.es\\\/politica-de-privacidad\\\/#breadcrumb\"},\"inLanguage\":\"en-US\",\"potentialAction\":[{\"@type\":\"ReadAction\",\"target\":[\"https:\\\/\\\/restaurantepetitazca.es\\\/politica-de-privacidad\\\/\"]}]},{\"@type\":\"BreadcrumbList\",\"@id\":\"https:\\\/\\\/restaurantepetitazca.es\\\/politica-de-privacidad\\\/#breadcrumb\",\"itemListElement\":[{\"@type\":\"ListItem\",\"position\":1,\"name\":\"Portada\",\"item\":\"https:\\\/\\\/restaurantepetitazca.es\\\/\"},{\"@type\":\"ListItem\",\"position\":2,\"name\":\"Pol\u00edtica de Privacidad\"}]},{\"@type\":\"WebSite\",\"@id\":\"https:\\\/\\\/restaurantepetitazca.es\\\/#website\",\"url\":\"https:\\\/\\\/restaurantepetitazca.es\\\/\",\"name\":\"Petit Azca Restaurante\",\"description\":\"Restaurante\",\"publisher\":{\"@id\":\"https:\\\/\\\/restaurantepetitazca.es\\\/#organization\"},\"potentialAction\":[{\"@type\":\"SearchAction\",\"target\":{\"@type\":\"EntryPoint\",\"urlTemplate\":\"https:\\\/\\\/restaurantepetitazca.es\\\/?s={search_term_string}\"},\"query-input\":{\"@type\":\"PropertyValueSpecification\",\"valueRequired\":true,\"valueName\":\"search_term_string\"}}],\"inLanguage\":\"en-US\"},{\"@type\":\"Organization\",\"@id\":\"https:\\\/\\\/restaurantepetitazca.es\\\/#organization\",\"name\":\"Petit Azca Restaurante\",\"url\":\"https:\\\/\\\/restaurantepetitazca.es\\\/\",\"logo\":{\"@type\":\"ImageObject\",\"inLanguage\":\"en-US\",\"@id\":\"https:\\\/\\\/restaurantepetitazca.es\\\/#\\\/schema\\\/logo\\\/image\\\/\",\"url\":\"https:\\\/\\\/restaurantepetitazca.es\\\/wp-content\\\/uploads\\\/2024\\\/04\\\/cropped-Logo.png\",\"contentUrl\":\"https:\\\/\\\/restaurantepetitazca.es\\\/wp-content\\\/uploads\\\/2024\\\/04\\\/cropped-Logo.png\",\"width\":1918,\"height\":509,\"caption\":\"Petit Azca Restaurante\"},\"image\":{\"@id\":\"https:\\\/\\\/restaurantepetitazca.es\\\/#\\\/schema\\\/logo\\\/image\\\/\"}}]}<\/script>\n<!-- \/ Yoast SEO plugin. -->","yoast_head_json":{"title":"Privacy Policy - Petit Azca","robots":{"index":"index","follow":"follow","max-snippet":"max-snippet:-1","max-image-preview":"max-image-preview:large","max-video-preview":"max-video-preview:-1"},"canonical":"https:\/\/restaurantepetitazca.es\/en\/politica-de-privacidad\/","og_locale":"en_US","og_type":"article","og_title":"Pol\u00edtica de Privacidad - Petit Azca","og_description":"Pol\u00edtica de Privacidad En Petit Azca Restaurante Bar estamos especialmente concienciados por la confidencialidad de los datos de car\u00e1cter personal que se nos facilitan a trav\u00e9s de la p\u00e1gina web, y mediante esta pol\u00edtica, informamos al usuario, en materia de protecci\u00f3n de datos, as\u00ed como de los derechos que le asisten. Por ello, y en [&hellip;]","og_url":"https:\/\/restaurantepetitazca.es\/en\/politica-de-privacidad\/","og_site_name":"Petit Azca","article_modified_time":"2024-05-15T18:42:57+00:00","twitter_card":"summary_large_image","twitter_misc":{"Est. reading time":"5 minutes"},"schema":{"@context":"https:\/\/schema.org","@graph":[{"@type":"WebPage","@id":"https:\/\/restaurantepetitazca.es\/politica-de-privacidad\/","url":"https:\/\/restaurantepetitazca.es\/politica-de-privacidad\/","name":"Privacy Policy - Petit Azca","isPartOf":{"@id":"https:\/\/restaurantepetitazca.es\/#website"},"datePublished":"2024-04-22T17:39:28+00:00","dateModified":"2024-05-15T18:42:57+00:00","breadcrumb":{"@id":"https:\/\/restaurantepetitazca.es\/politica-de-privacidad\/#breadcrumb"},"inLanguage":"en-US","potentialAction":[{"@type":"ReadAction","target":["https:\/\/restaurantepetitazca.es\/politica-de-privacidad\/"]}]},{"@type":"BreadcrumbList","@id":"https:\/\/restaurantepetitazca.es\/politica-de-privacidad\/#breadcrumb","itemListElement":[{"@type":"ListItem","position":1,"name":"Portada","item":"https:\/\/restaurantepetitazca.es\/"},{"@type":"ListItem","position":2,"name":"Pol\u00edtica de Privacidad"}]},{"@type":"WebSite","@id":"https:\/\/restaurantepetitazca.es\/#website","url":"https:\/\/restaurantepetitazca.es\/","name":"Petit Azca Restaurant","description":"Restaurant","publisher":{"@id":"https:\/\/restaurantepetitazca.es\/#organization"},"potentialAction":[{"@type":"SearchAction","target":{"@type":"EntryPoint","urlTemplate":"https:\/\/restaurantepetitazca.es\/?s={search_term_string}"},"query-input":{"@type":"PropertyValueSpecification","valueRequired":true,"valueName":"search_term_string"}}],"inLanguage":"en-US"},{"@type":"Organization","@id":"https:\/\/restaurantepetitazca.es\/#organization","name":"Petit Azca Restaurant","url":"https:\/\/restaurantepetitazca.es\/","logo":{"@type":"ImageObject","inLanguage":"en-US","@id":"https:\/\/restaurantepetitazca.es\/#\/schema\/logo\/image\/","url":"https:\/\/restaurantepetitazca.es\/wp-content\/uploads\/2024\/04\/cropped-Logo.png","contentUrl":"https:\/\/restaurantepetitazca.es\/wp-content\/uploads\/2024\/04\/cropped-Logo.png","width":1918,"height":509,"caption":"Petit Azca Restaurante"},"image":{"@id":"https:\/\/restaurantepetitazca.es\/#\/schema\/logo\/image\/"}}]}},"_links":{"self":[{"href":"https:\/\/restaurantepetitazca.es\/en\/wp-json\/wp\/v2\/pages\/3","targetHints":{"allow":["GET"]}}],"collection":[{"href":"https:\/\/restaurantepetitazca.es\/en\/wp-json\/wp\/v2\/pages"}],"about":[{"href":"https:\/\/restaurantepetitazca.es\/en\/wp-json\/wp\/v2\/types\/page"}],"author":[{"embeddable":true,"href":"https:\/\/restaurantepetitazca.es\/en\/wp-json\/wp\/v2\/users\/1"}],"replies":[{"embeddable":true,"href":"https:\/\/restaurantepetitazca.es\/en\/wp-json\/wp\/v2\/comments?post=3"}],"version-history":[{"count":7,"href":"https:\/\/restaurantepetitazca.es\/en\/wp-json\/wp\/v2\/pages\/3\/revisions"}],"predecessor-version":[{"id":627,"href":"https:\/\/restaurantepetitazca.es\/en\/wp-json\/wp\/v2\/pages\/3\/revisions\/627"}],"wp:attachment":[{"href":"https:\/\/restaurantepetitazca.es\/en\/wp-json\/wp\/v2\/media?parent=3"}],"curies":[{"name":"wp","href":"https:\/\/api.w.org\/{rel}","templated":true}]}}