{"id":3,"date":"2024-04-22T17:39:28","date_gmt":"2024-04-22T17:39:28","guid":{"rendered":"https:\/\/restaurantepetitazca.es\/?page_id=3"},"modified":"2024-05-15T18:42:57","modified_gmt":"2024-05-15T18:42:57","slug":"politica-de-privacidad","status":"publish","type":"page","link":"https:\/\/restaurantepetitazca.es\/fr\/politica-de-privacidad\/","title":{"rendered":"Politique de confidentialit\u00e9"},"content":{"rendered":"<div data-elementor-type=\"wp-page\" data-elementor-id=\"3\" class=\"elementor elementor-3\" data-elementor-post-type=\"page\">\n\t\t\t\t<div class=\"elementor-element elementor-element-742edbc e-flex e-con-boxed e-con e-parent\" data-id=\"742edbc\" data-element_type=\"container\" data-e-type=\"container\" data-settings=\"{&quot;jet_parallax_layout_list&quot;:[]}\">\n\t\t\t\t\t<div class=\"e-con-inner\">\n\t\t\t\t<div class=\"elementor-element elementor-element-c830053 elementor-widget elementor-widget-heading\" data-id=\"c830053\" data-element_type=\"widget\" data-e-type=\"widget\" data-widget_type=\"heading.default\">\n\t\t\t\t<div class=\"elementor-widget-container\">\n\t\t\t\t\t<h2 class=\"elementor-heading-title elementor-size-default\">Politique de confidentialit\u00e9<\/h2>\t\t\t\t<\/div>\n\t\t\t\t<\/div>\n\t\t\t\t<div class=\"elementor-element elementor-element-9340966 elementor-widget elementor-widget-text-editor\" data-id=\"9340966\" data-element_type=\"widget\" data-e-type=\"widget\" data-widget_type=\"text-editor.default\">\n\t\t\t\t<div class=\"elementor-widget-container\">\n\t\t\t\t\t\t\t\t\t<p>Au Petit Azca Restaurante Bar, nous sommes particuli\u00e8rement conscients de la confidentialit\u00e9 des donn\u00e9es personnelles qui nous sont fournies via le site Web et, \u00e0 travers cette politique, nous informons l&#039;utilisateur de la protection des donn\u00e9es, ainsi que des droits dont ils vous assistent.<\/p>\n<p>Pour cette raison, et en vertu du R\u00e8glement G\u00e9n\u00e9ral sur la Protection des Donn\u00e9es de l&#039;Union Europ\u00e9enne (RGPD), R\u00e8glement UE 2016\/679 du Parlement Europ\u00e9en et du Conseil du 27 avril 2016, et conform\u00e9ment au principe de transparence, nous mettre \u00e0 votre disposition des informations pertinentes sur le traitement des donn\u00e9es personnelles, afin de faire savoir \u00e0 tout moment comment nous traitons les donn\u00e9es, dans quel but et les droits correspondants.<\/p>\n<p><b>&nbsp;Responsable du traitement :<\/b><br>FILSERRE SLU (ci-apr\u00e8s LE RESPONSABLE), avec NIF : B86244944 et si\u00e8ge social \u00e0 : Avenida del Presidente Carmona N1. 28020, Madrid, Espagne.<br>Courriel : thierry@restaurantepetitazca.es<\/p>\n<p>Contact du d\u00e9l\u00e9gu\u00e9 \u00e0 la protection des donn\u00e9es (DPD) : Il n&#039;y a pas de d\u00e9l\u00e9gu\u00e9, cependant vous pouvez nous contacter par l&#039;un des moyens indiqu\u00e9s ci-dessus.<\/p>\n<p><b><br>Obtention des donn\u00e9es :<\/b><br>LE RESPONSABLE a obtenu les donn\u00e9es personnelles qui seront trait\u00e9es, via<br>depuis diff\u00e9rents canaux\u00a0:<br>\u2013 Fourni volontairement par le propri\u00e9taire des donn\u00e9es, soit via un formulaire web, e-mail, t\u00e9l\u00e9phone ou contrat, pour la demande de tout type d\u2019information ou formalisation et\/ou acquisition de services ou produits.<br>\u2013 \u00c0 partir de sources accessibles au public et\/ou d\u2019archives publiques, et chaque fois qu\u2019il existe un int\u00e9r\u00eat l\u00e9gitime de la part du RESPONSABLE \u00e0 le faire.<\/p>\n<p><b>&nbsp;Description du but du traitement :<br><\/b>Le RESPONSABLE traitera vos donn\u00e9es afin de r\u00e9pondre aux demandes formul\u00e9es via ce site Web. De plus, si vous donnez votre consentement pour l&#039;envoi de communications commerciales, de promotions et d&#039;informations qui vous int\u00e9ressent, vous pourrez recevoir des informations \u00e0 caract\u00e8re commercial et. \/ou de la publicit\u00e9 via les canaux de communication habituels.<\/p>\n<p>Toutefois, ledit consentement pourra \u00eatre r\u00e9voqu\u00e9 \u00e0 tout moment par les moyens pr\u00e9vus \u00e0 cet effet. Nous traiterons vos donn\u00e9es \u00e0 des fins de gestion commerciale, administrative, comptable et fiscale, conform\u00e9ment \u00e0 la r\u00e9glementation en vigueur et sur la base des informations fournies et de l&#039;autorisation accord\u00e9e.<\/p>\n<p><b>La conservation des donn\u00e9es<br><\/b>Les donn\u00e9es personnelles fournies seront conserv\u00e9es tant que la relation avec l&#039;entit\u00e9 sera maintenue et que leur suppression ne sera pas demand\u00e9e par l&#039;int\u00e9ress\u00e9. Elles seront conserv\u00e9es dans le respect des d\u00e9lais l\u00e9gaux fix\u00e9s et en fonction de la finalit\u00e9 pour laquelle elles ont \u00e9t\u00e9 collect\u00e9es.<\/p>\n<p>Dans le cas o\u00f9 l&#039;int\u00e9ress\u00e9 s&#039;abonne volontairement \u00e0 un certain type de communications commerciales, newsletter, publicit\u00e9, etc. Les donn\u00e9es resteront jusqu&#039;\u00e0 ce que vous traitiez votre annulation de ce type de communication.<\/p>\n<p><b>L\u00e9gitimation<br><\/b>La base sur laquelle repose le traitement des donn\u00e9es personnelles par LE RESPONSABLE est couverte par\u00a0:<br>\u2013 La simple demande de l\u2019int\u00e9ress\u00e9 de tout type d\u2019informations.<br>\u2013 Pour l\u2019\u00e9ventuel abonnement pour recevoir des communications commerciales moyennant consentement expr\u00e8s.<br>\u2013 Formalisation d\u2019une relation commerciale, r\u00e9sultant de l\u2019acquisition de produits et\/ou services.<br>\u2013 L\u00e9gitimation pour l\u2019ex\u00e9cution d\u2019un contrat<\/p>\n<p><b>Destinataires<br><\/b>Pendant le traitement des donn\u00e9es de l&#039;int\u00e9ress\u00e9, LE RESPONSABLE ne transf\u00e9rera pas les donn\u00e9es \u00e0 des tiers, sauf obligation l\u00e9gale.<\/p>\n<p>Dans les cas o\u00f9, pour effectuer des traitements administratifs, fiscaux, comptables et\/ou commerciaux, les services de tiers sont utilis\u00e9s, le contrat obligatoire du responsable du traitement sera d\u00fbment formalis\u00e9, dans le but de garantir la s\u00e9curit\u00e9 et la confidentialit\u00e9 des donn\u00e9es du. partie int\u00e9ress\u00e9e contre les tiers.<\/p>\n<p><b>Droits<br><\/b>L&#039;int\u00e9ress\u00e9, en ce qui concerne ses donn\u00e9es personnelles, peut exercer librement et gratuitement les droits suivants :<br>\u2013 Droit d\u2019acc\u00e8s \u00e0 vos donn\u00e9es personnelles.<br>\u2013 Droit de rectifier vos donn\u00e9es personnelles, lorsqu\u2019elles sont incompl\u00e8tes ou inexactes.<br>\u2013 Droit de supprimer vos donn\u00e9es personnelles, lorsqu\u2019elles ne sont pas n\u00e9cessaires aux finalit\u00e9s pour lesquelles elles ont \u00e9t\u00e9 collect\u00e9es.<br>\u2013 Droit de limiter votre traitement, toutes les donn\u00e9es ou une partie de celles-ci.<br>\u2013 Droit de s\u2019opposer au traitement.<br>\u2013 Droit \u00e0 la portabilit\u00e9 des donn\u00e9es.<br>\u2013 Droit de retirer le consentement pr\u00e9c\u00e9demment donn\u00e9.<\/p>\n<p>Si vous estimez que vos droits ont \u00e9t\u00e9 viol\u00e9s en mati\u00e8re de protection de vos donn\u00e9es personnelles, notamment lorsque vous n&#039;avez pas obtenu satisfaction dans l&#039;exercice de vos droits, vous pouvez introduire une r\u00e9clamation aupr\u00e8s de l&#039;autorit\u00e9 de contr\u00f4le de la protection des donn\u00e9es comp\u00e9tente.<\/p>\n<p><b>Autorit\u00e9 de contr\u00f4le<br><\/b>Si vous avez besoin de plus d&#039;informations et\/ou d&#039;aide, outre ce que nous pouvons et souhaitons vous fournir, en mati\u00e8re de protection des donn\u00e9es, sachez que l&#039;autorit\u00e9 de contr\u00f4le en Espagne qui veille au respect de la r\u00e9glementation en mati\u00e8re de protection des donn\u00e9es, qui garantit et prot\u00e8ge les Le droit fondamental \u00e0 la protection des donn\u00e9es personnelles est :<br>Agence espagnole de protection des donn\u00e9es (AEPD)<br>C\/ Jorge Juan N\u00ba6<br>28001 \u2013 Madrid<br>901 100 099 \u2013 912 663 517<br><a href=\"https:\/\/www.aepd.es\/\" target=\"_blank\" rel=\"noopener\">www.agpd.es<\/a><\/p>\n<p>Vous pouvez \u00e9galement nous contacter via ce formulaire.<\/p>\n<p>L&#039;AEPD informe et aide les citoyens \u00e0 exercer leurs droits, ainsi que les entreprises \u00e0 se conformer aux obligations \u00e9tablies par la loi.<\/p>\n<p>En tant que propri\u00e9taire de ses propres donn\u00e9es, l&#039;AEPD prot\u00e8ge l&#039;exercice des droits d&#039;acc\u00e8s, de rectification, annulation, limitation, portabilit\u00e9 et opposition, lorsqu&#039;ils n&#039;ont pas \u00e9t\u00e9 correctement respect\u00e9s. Et il garantit le droit \u00e0 la protection des donn\u00e9es, contre les actions qui pourraient \u00eatre contraires \u00e0 la loi.<\/p>\t\t\t\t\t\t\t\t<\/div>\n\t\t\t\t<\/div>\n\t\t\t\t\t<\/div>\n\t\t\t\t<\/div>\n\t\t\t\t<\/div>","protected":false},"excerpt":{"rendered":"<p>Pol\u00edtica de Privacidad En Petit Azca Restaurante Bar estamos especialmente concienciados por la confidencialidad de los datos de car\u00e1cter personal que se nos facilitan a trav\u00e9s de la p\u00e1gina web, y mediante esta pol\u00edtica, informamos al usuario, en materia de protecci\u00f3n de datos, as\u00ed como de los derechos que le asisten. Por ello, y en [&hellip;]<\/p>\n","protected":false},"author":1,"featured_media":0,"parent":0,"menu_order":0,"comment_status":"closed","ping_status":"open","template":"","meta":{"footnotes":""},"class_list":["post-3","page","type-page","status-publish","hentry"],"yoast_head":"<!-- This site is optimized with the Yoast SEO plugin v27.4 - https:\/\/yoast.com\/product\/yoast-seo-wordpress\/ -->\n<title>Pol\u00edtica de Privacidad - Petit Azca<\/title>\n<meta name=\"robots\" content=\"index, follow, max-snippet:-1, max-image-preview:large, max-video-preview:-1\" \/>\n<link rel=\"canonical\" href=\"https:\/\/restaurantepetitazca.es\/fr\/politica-de-privacidad\/\" \/>\n<meta property=\"og:locale\" content=\"fr_FR\" \/>\n<meta property=\"og:type\" content=\"article\" \/>\n<meta property=\"og:title\" content=\"Pol\u00edtica de Privacidad - Petit Azca\" \/>\n<meta property=\"og:description\" content=\"Pol\u00edtica de Privacidad En Petit Azca Restaurante Bar estamos especialmente concienciados por la confidencialidad de los datos de car\u00e1cter personal que se nos facilitan a trav\u00e9s de la p\u00e1gina web, y mediante esta pol\u00edtica, informamos al usuario, en materia de protecci\u00f3n de datos, as\u00ed como de los derechos que le asisten. Por ello, y en [&hellip;]\" \/>\n<meta property=\"og:url\" content=\"https:\/\/restaurantepetitazca.es\/fr\/politica-de-privacidad\/\" \/>\n<meta property=\"og:site_name\" content=\"Petit Azca\" \/>\n<meta property=\"article:modified_time\" content=\"2024-05-15T18:42:57+00:00\" \/>\n<meta name=\"twitter:card\" content=\"summary_large_image\" \/>\n<meta name=\"twitter:label1\" content=\"Dur\u00e9e de lecture estim\u00e9e\" \/>\n\t<meta name=\"twitter:data1\" content=\"5 minutes\" \/>\n<script type=\"application\/ld+json\" class=\"yoast-schema-graph\">{\"@context\":\"https:\\\/\\\/schema.org\",\"@graph\":[{\"@type\":\"WebPage\",\"@id\":\"https:\\\/\\\/restaurantepetitazca.es\\\/politica-de-privacidad\\\/\",\"url\":\"https:\\\/\\\/restaurantepetitazca.es\\\/politica-de-privacidad\\\/\",\"name\":\"Pol\u00edtica de Privacidad - Petit Azca\",\"isPartOf\":{\"@id\":\"https:\\\/\\\/restaurantepetitazca.es\\\/#website\"},\"datePublished\":\"2024-04-22T17:39:28+00:00\",\"dateModified\":\"2024-05-15T18:42:57+00:00\",\"breadcrumb\":{\"@id\":\"https:\\\/\\\/restaurantepetitazca.es\\\/politica-de-privacidad\\\/#breadcrumb\"},\"inLanguage\":\"fr-FR\",\"potentialAction\":[{\"@type\":\"ReadAction\",\"target\":[\"https:\\\/\\\/restaurantepetitazca.es\\\/politica-de-privacidad\\\/\"]}]},{\"@type\":\"BreadcrumbList\",\"@id\":\"https:\\\/\\\/restaurantepetitazca.es\\\/politica-de-privacidad\\\/#breadcrumb\",\"itemListElement\":[{\"@type\":\"ListItem\",\"position\":1,\"name\":\"Portada\",\"item\":\"https:\\\/\\\/restaurantepetitazca.es\\\/\"},{\"@type\":\"ListItem\",\"position\":2,\"name\":\"Pol\u00edtica de Privacidad\"}]},{\"@type\":\"WebSite\",\"@id\":\"https:\\\/\\\/restaurantepetitazca.es\\\/#website\",\"url\":\"https:\\\/\\\/restaurantepetitazca.es\\\/\",\"name\":\"Petit Azca Restaurante\",\"description\":\"Restaurante\",\"publisher\":{\"@id\":\"https:\\\/\\\/restaurantepetitazca.es\\\/#organization\"},\"potentialAction\":[{\"@type\":\"SearchAction\",\"target\":{\"@type\":\"EntryPoint\",\"urlTemplate\":\"https:\\\/\\\/restaurantepetitazca.es\\\/?s={search_term_string}\"},\"query-input\":{\"@type\":\"PropertyValueSpecification\",\"valueRequired\":true,\"valueName\":\"search_term_string\"}}],\"inLanguage\":\"fr-FR\"},{\"@type\":\"Organization\",\"@id\":\"https:\\\/\\\/restaurantepetitazca.es\\\/#organization\",\"name\":\"Petit Azca Restaurante\",\"url\":\"https:\\\/\\\/restaurantepetitazca.es\\\/\",\"logo\":{\"@type\":\"ImageObject\",\"inLanguage\":\"fr-FR\",\"@id\":\"https:\\\/\\\/restaurantepetitazca.es\\\/#\\\/schema\\\/logo\\\/image\\\/\",\"url\":\"https:\\\/\\\/restaurantepetitazca.es\\\/wp-content\\\/uploads\\\/2024\\\/04\\\/cropped-Logo.png\",\"contentUrl\":\"https:\\\/\\\/restaurantepetitazca.es\\\/wp-content\\\/uploads\\\/2024\\\/04\\\/cropped-Logo.png\",\"width\":1918,\"height\":509,\"caption\":\"Petit Azca Restaurante\"},\"image\":{\"@id\":\"https:\\\/\\\/restaurantepetitazca.es\\\/#\\\/schema\\\/logo\\\/image\\\/\"}}]}<\/script>\n<!-- \/ Yoast SEO plugin. -->","yoast_head_json":{"title":"Pol\u00edtica de Privacidad - Petit Azca","robots":{"index":"index","follow":"follow","max-snippet":"max-snippet:-1","max-image-preview":"max-image-preview:large","max-video-preview":"max-video-preview:-1"},"canonical":"https:\/\/restaurantepetitazca.es\/fr\/politica-de-privacidad\/","og_locale":"fr_FR","og_type":"article","og_title":"Pol\u00edtica de Privacidad - Petit Azca","og_description":"Pol\u00edtica de Privacidad En Petit Azca Restaurante Bar estamos especialmente concienciados por la confidencialidad de los datos de car\u00e1cter personal que se nos facilitan a trav\u00e9s de la p\u00e1gina web, y mediante esta pol\u00edtica, informamos al usuario, en materia de protecci\u00f3n de datos, as\u00ed como de los derechos que le asisten. Por ello, y en [&hellip;]","og_url":"https:\/\/restaurantepetitazca.es\/fr\/politica-de-privacidad\/","og_site_name":"Petit Azca","article_modified_time":"2024-05-15T18:42:57+00:00","twitter_card":"summary_large_image","twitter_misc":{"Dur\u00e9e de lecture estim\u00e9e":"5 minutes"},"schema":{"@context":"https:\/\/schema.org","@graph":[{"@type":"WebPage","@id":"https:\/\/restaurantepetitazca.es\/politica-de-privacidad\/","url":"https:\/\/restaurantepetitazca.es\/politica-de-privacidad\/","name":"Pol\u00edtica de Privacidad - Petit Azca","isPartOf":{"@id":"https:\/\/restaurantepetitazca.es\/#website"},"datePublished":"2024-04-22T17:39:28+00:00","dateModified":"2024-05-15T18:42:57+00:00","breadcrumb":{"@id":"https:\/\/restaurantepetitazca.es\/politica-de-privacidad\/#breadcrumb"},"inLanguage":"fr-FR","potentialAction":[{"@type":"ReadAction","target":["https:\/\/restaurantepetitazca.es\/politica-de-privacidad\/"]}]},{"@type":"BreadcrumbList","@id":"https:\/\/restaurantepetitazca.es\/politica-de-privacidad\/#breadcrumb","itemListElement":[{"@type":"ListItem","position":1,"name":"Portada","item":"https:\/\/restaurantepetitazca.es\/"},{"@type":"ListItem","position":2,"name":"Pol\u00edtica de Privacidad"}]},{"@type":"WebSite","@id":"https:\/\/restaurantepetitazca.es\/#website","url":"https:\/\/restaurantepetitazca.es\/","name":"Restaurant Petit Azca","description":"Restaurant","publisher":{"@id":"https:\/\/restaurantepetitazca.es\/#organization"},"potentialAction":[{"@type":"SearchAction","target":{"@type":"EntryPoint","urlTemplate":"https:\/\/restaurantepetitazca.es\/?s={search_term_string}"},"query-input":{"@type":"PropertyValueSpecification","valueRequired":true,"valueName":"search_term_string"}}],"inLanguage":"fr-FR"},{"@type":"Organization","@id":"https:\/\/restaurantepetitazca.es\/#organization","name":"Restaurant Petit Azca","url":"https:\/\/restaurantepetitazca.es\/","logo":{"@type":"ImageObject","inLanguage":"fr-FR","@id":"https:\/\/restaurantepetitazca.es\/#\/schema\/logo\/image\/","url":"https:\/\/restaurantepetitazca.es\/wp-content\/uploads\/2024\/04\/cropped-Logo.png","contentUrl":"https:\/\/restaurantepetitazca.es\/wp-content\/uploads\/2024\/04\/cropped-Logo.png","width":1918,"height":509,"caption":"Petit Azca Restaurante"},"image":{"@id":"https:\/\/restaurantepetitazca.es\/#\/schema\/logo\/image\/"}}]}},"_links":{"self":[{"href":"https:\/\/restaurantepetitazca.es\/fr\/wp-json\/wp\/v2\/pages\/3","targetHints":{"allow":["GET"]}}],"collection":[{"href":"https:\/\/restaurantepetitazca.es\/fr\/wp-json\/wp\/v2\/pages"}],"about":[{"href":"https:\/\/restaurantepetitazca.es\/fr\/wp-json\/wp\/v2\/types\/page"}],"author":[{"embeddable":true,"href":"https:\/\/restaurantepetitazca.es\/fr\/wp-json\/wp\/v2\/users\/1"}],"replies":[{"embeddable":true,"href":"https:\/\/restaurantepetitazca.es\/fr\/wp-json\/wp\/v2\/comments?post=3"}],"version-history":[{"count":7,"href":"https:\/\/restaurantepetitazca.es\/fr\/wp-json\/wp\/v2\/pages\/3\/revisions"}],"predecessor-version":[{"id":627,"href":"https:\/\/restaurantepetitazca.es\/fr\/wp-json\/wp\/v2\/pages\/3\/revisions\/627"}],"wp:attachment":[{"href":"https:\/\/restaurantepetitazca.es\/fr\/wp-json\/wp\/v2\/media?parent=3"}],"curies":[{"name":"wp","href":"https:\/\/api.w.org\/{rel}","templated":true}]}}