{"id":599,"date":"2024-05-15T17:45:04","date_gmt":"2024-05-15T17:45:04","guid":{"rendered":"https:\/\/restaurantepetitazca.es\/?page_id=599"},"modified":"2025-09-08T09:24:04","modified_gmt":"2025-09-08T09:24:04","slug":"aviso-legal","status":"publish","type":"page","link":"https:\/\/restaurantepetitazca.es\/fr\/aviso-legal\/","title":{"rendered":"Avis juridique"},"content":{"rendered":"<div data-elementor-type=\"wp-page\" data-elementor-id=\"599\" class=\"elementor elementor-599\" data-elementor-post-type=\"page\">\n\t\t\t\t<div class=\"elementor-element elementor-element-3932db19 e-flex e-con-boxed e-con e-parent\" data-id=\"3932db19\" data-element_type=\"container\" data-e-type=\"container\" data-settings=\"{&quot;jet_parallax_layout_list&quot;:[]}\">\n\t\t\t\t\t<div class=\"e-con-inner\">\n\t\t\t\t<div class=\"elementor-element elementor-element-602084e1 elementor-widget elementor-widget-heading\" data-id=\"602084e1\" data-element_type=\"widget\" data-e-type=\"widget\" data-widget_type=\"heading.default\">\n\t\t\t\t<div class=\"elementor-widget-container\">\n\t\t\t\t\t<h2 class=\"elementor-heading-title elementor-size-default\">Avis juridique<\/h2>\t\t\t\t<\/div>\n\t\t\t\t<\/div>\n\t\t\t\t<div class=\"elementor-element elementor-element-7277f35b elementor-widget elementor-widget-text-editor\" data-id=\"7277f35b\" data-element_type=\"widget\" data-e-type=\"widget\" data-widget_type=\"text-editor.default\">\n\t\t\t\t<div class=\"elementor-widget-container\">\n\t\t\t\t\t\t\t\t\t<p>Mentions l\u00e9gales du domaine restaurapetitazca.es LE PROPRI\u00c9TAIRE DU SITE WEB, conform\u00e9ment \u00e0 la loi 34\/2002 du 11 juillet relative aux services de la soci\u00e9t\u00e9 de l&#039;information et au commerce \u00e9lectronique, vous informe que\u00a0:<\/p><p>Sa d\u00e9nomination sociale est : FILSERRE SLU<br \/>Votre NIF est : B86244944<br \/>Son si\u00e8ge social est situ\u00e9 \u00e0\u00a0:\u00a0Avenida del Presidente Carmona N1. 28020, Madrid, Espagne.<\/p><p><b>Conditions g\u00e9n\u00e9rales d&#039;utilisation du site Internet<br \/><\/b>LE PROPRI\u00c9TAIRE vous informe que l&#039;acc\u00e8s et l&#039;utilisation de ce site Web et de toutes les URL, sous-domaines et r\u00e9pertoires qui y sont inclus, ainsi que les services ou contenus qui peuvent \u00eatre obtenus via ce site, sont soumis aux conditions \u00e9nonc\u00e9es et d\u00e9taill\u00e9es dans les Mentions L\u00e9gales. Avis lui-m\u00eame, dans la politique de confidentialit\u00e9 et la politique de cookies, sans pr\u00e9judice du fait que l&#039;acc\u00e8s \u00e0 l&#039;un desdits services ou contenus peut n\u00e9cessiter l&#039;acceptation de conditions g\u00e9n\u00e9rales, particuli\u00e8res ou suppl\u00e9mentaires.<\/p><p>Par cons\u00e9quent, si les consid\u00e9rations d\u00e9taill\u00e9es dans ces textes juridiques ne vous conviennent pas, nous vous demandons de ne pas utiliser ce site Web, car toute utilisation que vous en ferez ou des services et contenus qui y sont inclus impliquera l&#039;acceptation des conditions juridiques recueillies.<\/p><p>En raison de la nature m\u00eame d&#039;Internet, compte tenu de la possibilit\u00e9 d&#039;acc\u00e9der \u00e0 cette page de n&#039;importe o\u00f9 dans le monde, les contenus, ainsi que les services g\u00e9n\u00e9ralement propos\u00e9s par LE PROPRI\u00c9TAIRE, sont accessibles aux clients qui se d\u00e9placent dans n&#039;importe quel pays. Nonobstant ce qui pr\u00e9c\u00e8de, lors de la demande de souscription \u00e0 tout type de service et de contenu propos\u00e9, LE PROPRI\u00c9TAIRE se r\u00e9serve le droit de refuser la fourniture de services ou l&#039;envoi de contenu, dans les cas qu&#039;il juge appropri\u00e9s.<\/p><p>LE PROPRI\u00c9TAIRE se r\u00e9serve le droit d&#039;apporter des modifications au site Web sans pr\u00e9avis, afin de mettre \u00e0 jour, corriger, modifier, ajouter, annuler ou supprimer le contenu ou la conception du site Web. Les services et contenus du site Web peuvent \u00eatre mis \u00e0 jour p\u00e9riodiquement et, \u00e9tant donn\u00e9 que les informations ne sont pas mises \u00e0 jour imm\u00e9diatement, nous vous sugg\u00e9rons de toujours v\u00e9rifier la validit\u00e9 et l&#039;exactitude des informations, services et contenus collect\u00e9s ici.<\/p><p>Les conditions et modalit\u00e9s d&#039;utilisation incluses dans le pr\u00e9sent avis juridique peuvent changer, nous vous sugg\u00e9rons donc de consulter ces conditions lorsque vous visitez \u00e0 nouveau le site Web ou lorsque vous demandez un nouveau service. De m\u00eame, le pr\u00e9sent avis juridique sera compris sans pr\u00e9judice de toute autre politique et\/ou condition g\u00e9n\u00e9rale et sp\u00e9cifique qui r\u00e9git l&#039;acc\u00e8s \u00e0 des biens et services sp\u00e9cifiques au sein du site Web.<\/p><p><b>Droits de propri\u00e9t\u00e9 intellectuelle et de propri\u00e9t\u00e9 industrielle<br \/><\/b>Tant la conception de ce site Web, ses codes sources, logos, images, m\u00e9lodies, marques et autres signes distinctifs qui y apparaissent, appartiennent \u00e0 leurs auteurs respectifs et sont prot\u00e9g\u00e9s par les droits de propri\u00e9t\u00e9 intellectuelle et industrielle correspondants.<\/p><p>Son utilisation, reproduction, distribution, communication publique, transformation ou toute autre action similaire est totalement interdite sauf autorisation expresse et \u00e9crite de son cr\u00e9ateur et\/ou titulaire des droits.<\/p><p>Dans tous les cas, LE PROPRI\u00c9TAIRE d\u00e9clare respecter les droits de propri\u00e9t\u00e9 intellectuelle et industrielle des tiers\u00a0; Par cons\u00e9quent, si vous consid\u00e9rez que ce site peut violer vos droits, veuillez contacter LE PROPRI\u00c9TAIRE en utilisant les moyens fournis dans l&#039;en-t\u00eate.<\/p><p><b>Liens ou hyperliens<br \/><\/b>\u00c0 partir de ce site Web, LE PROPRI\u00c9TAIRE fournit ou peut vous donner acc\u00e8s \u00e0 d&#039;autres pages Web qu&#039;il consid\u00e8re susceptibles de vous int\u00e9resser. Ces liens ont simplement pour but de faciliter la recherche de ressources susceptibles de vous int\u00e9resser sur Internet. Cependant, ces pages n&#039;appartiennent pas au PROPRI\u00c9TAIRE et ne v\u00e9rifie pas non plus leur contenu, par cons\u00e9quent, il n&#039;est pas responsable de celles-ci, du fonctionnement de la page li\u00e9e ou des \u00e9ventuels dommages pouvant d\u00e9couler de l&#039;acc\u00e8s ou de l&#039;utilisation de celle-ci. De m\u00eame, LE PROPRI\u00c9TAIRE est pleinement respectueux des droits de propri\u00e9t\u00e9 intellectuelle ou industrielle qui correspondent ou peuvent correspondre \u00e0 des tiers, sur les pages Web auxquelles renvoient les liens susmentionn\u00e9s. Pour cette raison, si vous consid\u00e9rez que l&#039;\u00e9tablissement des liens susmentionn\u00e9s pourrait violer vos droits, veuillez contacter LE PROPRI\u00c9TAIRE par les moyens pr\u00e9vus dans l&#039;en-t\u00eate.<\/p><p>En g\u00e9n\u00e9ral, la liaison de pages Web ou d&#039;adresses e-mail au site Web est autoris\u00e9e, \u00e0 l&#039;exception des cas o\u00f9 LE PROPRI\u00c9TAIRE d\u00e9clare express\u00e9ment le contraire. De plus, et en tout \u00e9tat de cause pour que cette autorisation g\u00e9n\u00e9rale soit applicable, lesdits liens doivent n\u00e9cessairement respecter la condition suivante : l&#039;\u00e9tablissement du lien n&#039;impliquera, en soi, aucun type d&#039;accord, contrat, parrainage ou recommandation de la part de LE PROPRI\u00c9TAIRE de la page qui fait le lien.<\/p><p>Nonobstant ce qui pr\u00e9c\u00e8de, LE PROPRI\u00c9TAIRE peut \u00e0 tout moment retirer l&#039;autorisation mentionn\u00e9e au paragraphe pr\u00e9c\u00e9dent, sans avoir \u00e0 invoquer aucune cause. Dans ce cas, la page qui a r\u00e9alis\u00e9 le lien doit proc\u00e9der \u00e0 sa suppression imm\u00e9diate, d\u00e8s qu&#039;elle re\u00e7oit notification de la r\u00e9vocation de l&#039;autorisation par LE PROPRI\u00c9TAIRE.<\/p><p><b>Cadres ou cadres<br \/><\/b>LE PROPRI\u00c9TAIRE interdit express\u00e9ment la cr\u00e9ation de &quot;framings&quot; ou l&#039;utilisation par des tiers de tout autre m\u00e9canisme alt\u00e9rant la conception, la configuration originale ou le contenu Web.<\/p><p><b>Publicit\u00e9<br \/><\/b>Le site Web comprendra des publicit\u00e9s du PROPRI\u00c9TAIRE ou de soci\u00e9t\u00e9s de publicit\u00e9 tierces qui, selon nous, pourraient vous int\u00e9resser.<\/p><p>Sans pr\u00e9judice des dispositions de la Politique de Confidentialit\u00e9, LE PROPRI\u00c9TAIRE s&#039;engage \u00e0 ne pas fournir ses informations aux annonceurs, \u00e0 l&#039;exception des donn\u00e9es statistiques anonymes sur l&#039;utilisation du site Internet, afin d&#039;am\u00e9liorer le service et de proposer des produits conformes aux attentes des utilisateurs.<\/p><p>Cependant, LE PROPRI\u00c9TAIRE vous informe que les annonceurs et les fournisseurs, gr\u00e2ce aux cookies, peuvent avoir la possibilit\u00e9 d&#039;obtenir des informations sur vous, les utilisations que vous faites des services et vos d\u00e9placements sur le r\u00e9seau. Parce qu&#039;il n&#039;a aucun lien avec les utilisations que la soci\u00e9t\u00e9 publicitaire peut faire de ces informations, LE PROPRI\u00c9TAIRE n&#039;est pas responsable de la collecte d&#039;informations par lesdites soci\u00e9t\u00e9s.<\/p><p>LE PROPRI\u00c9TAIRE peut utiliser des cookies lorsqu&#039;un utilisateur navigue sur ses sites et pages Web. Les cookies qui peuvent \u00eatre utilis\u00e9s sur les sites et pages Web du PROPRI\u00c9TAIRE sont uniquement associ\u00e9s au navigateur d&#039;un ordinateur sp\u00e9cifique (un utilisateur anonyme) et ne fournissent en eux-m\u00eames aucune donn\u00e9e personnelle de l&#039;utilisateur. Les cookies servent uniquement \u00e0 des fins exclusivement internes, telles que les statistiques d&#039;acc\u00e8s \u00e0 ce site Internet. Les cookies utilis\u00e9s ne peuvent pas lire les fichiers cookies cr\u00e9\u00e9s par d&#039;autres fournisseurs ou sites Web. L&#039;Utilisateur a la possibilit\u00e9 de configurer son navigateur pour \u00eatre averti sur l&#039;\u00e9cran de la r\u00e9ception de cookies et emp\u00eacher l&#039;installation de cookies sur son disque dur. Veuillez consulter les instructions et les manuels de votre navigateur pour plus d&#039;informations.<\/p><p><b>Responsabilit\u00e9s des utilisateurs<br \/><\/b>L&#039;utilisateur s&#039;engage \u00e0 utiliser les services du site Web conform\u00e9ment aux termes exprim\u00e9s dans le pr\u00e9sent avis juridique, \u00e9tant responsable de leur correcte utilisation.<\/p><p>L&#039;utilisateur qui agit contre l&#039;image, la r\u00e9putation ou la r\u00e9putation du PROPRI\u00c9TAIRE, ainsi que quiconque utilise ill\u00e9galement ou frauduleusement les dessins, logos ou contenus du site Web et\/ou attaque de quelque mani\u00e8re que ce soit les droits de propri\u00e9t\u00e9 intellectuelle et industrielle du site Web. . ou ses contenus et services, sera responsable envers LE PROPRI\u00c9TAIRE de ses actes.<\/p><p><b>Responsabilit\u00e9s du PROPRI\u00c9TAIRE<br \/>Utilisation incorrecte\u00a0:<br \/><\/b>LE PROPRI\u00c9TAIRE a cr\u00e9\u00e9 le site Internet pour promouvoir ses produits et\/ou services, mais ne peut contr\u00f4ler son utilisation d&#039;une mani\u00e8re autre que celle pr\u00e9vue dans le pr\u00e9sent Avis L\u00e9gal\u00a0; Par cons\u00e9quent, l&#039;acc\u00e8s et l&#039;utilisation correcte des informations contenues sur le site rel\u00e8vent de la responsabilit\u00e9 de la personne qui effectue ces actions, et LE PROPRI\u00c9TAIRE n&#039;est pas responsable de toute utilisation incorrecte, illicite ou n\u00e9gligente que l&#039;utilisateur pourrait en faire.<\/p><p><b>Contenu:<br \/><\/b>LE PROPRI\u00c9TAIRE fournit tous les contenus de son site Internet, sous certaines conditions, de bonne foi, et s&#039;efforcera de garantir qu&#039;ils soient, dans la mesure du possible, mis \u00e0 jour et actuels\u00a0; Cependant, LE PROPRI\u00c9TAIRE ne peut assumer aucune responsabilit\u00e9 concernant l&#039;utilisation ou l&#039;acc\u00e8s effectu\u00e9 par les utilisateurs en dehors du cadre auquel le site Web est dirig\u00e9, dont la responsabilit\u00e9 finale incombera \u00e0 l&#039;utilisateur. De m\u00eame, LE PROPRI\u00c9TAIRE ne peut pas contr\u00f4ler le contenu qui n&#039;a pas \u00e9t\u00e9 pr\u00e9par\u00e9 par lui ou par des tiers ex\u00e9cutant sa commande, par cons\u00e9quent, il ne sera en aucun cas responsable des dommages, du contenu et de l&#039;indisponibilit\u00e9 technique qui pourraient \u00eatre caus\u00e9s par ces tiers.<\/p><p><b>Publicit\u00e9:<br \/><\/b>LE PROPRI\u00c9TAIRE inclura sa propre publicit\u00e9 ou celle de tiers sur le site Web pour vous proposer des produits ou des services qui, selon lui, pourraient vous int\u00e9resser. Cependant, et en ce qui concerne la publicit\u00e9 de tiers, LE PROPRI\u00c9TAIRE ne peut contr\u00f4ler l&#039;apparence de ladite publicit\u00e9, ni la qualit\u00e9 et l&#039;ad\u00e9quation des produits ou services auxquels elle fait r\u00e9f\u00e9rence, il ne sera donc pas responsable des dommages qui pourraient en r\u00e9sulter. \u00eatre g\u00e9n\u00e9r\u00e9s \u00e0 l&#039;utilisateur pour des raisons imputables \u00e0 des tiers.<\/p><p><b>Virus:<br \/><\/b>LE PROPRI\u00c9TAIRE s&#039;engage \u00e0 appliquer, dans la mesure du possible, les mesures appropri\u00e9es dont il dispose pour tenter de garantir \u00e0 l&#039;utilisateur l&#039;absence sur son site Internet de : virus, vers, chevaux de Troie, spam, etc. Toutefois, ces mesures ne sont pas 100% infaillibles et. , par cons\u00e9quent, LE PROPRI\u00c9TAIRE ne peut pas garantir pleinement l&#039;absence desdits \u00e9l\u00e9ments ind\u00e9sirables. En cons\u00e9quence, LE PROPRI\u00c9TAIRE ne sera pas responsable des dommages qu&#039;il pourrait causer \u00e0 l&#039;utilisateur.<\/p><p><b>Pannes technologiques :<br \/><\/b>LE PROPRI\u00c9TAIRE met \u00e0 sa disposition les moyens n\u00e9cessaires \u00e0 la continuit\u00e9 de ce site Internet et fera ses meilleurs efforts pour qu&#039;il ne subisse pas d&#039;interruptions, mais ne peut garantir l&#039;absence de pannes technologiques, ni la disponibilit\u00e9 permanente du site Internet et des services qu&#039;il contient. . Par cons\u00e9quent, aucune responsabilit\u00e9 n&#039;est assum\u00e9e pour les dommages qui pourraient \u00eatre g\u00e9n\u00e9r\u00e9s par le manque de disponibilit\u00e9 et les \u00e9checs d&#039;acc\u00e8s caus\u00e9s par des d\u00e9connexions, des pannes, des surcharges ou des pannes de r\u00e9seau non imputables au PROPRI\u00c9TAIRE.<\/p><p><b>Loi applicable et juridiction<br \/><\/b>La loi applicable en cas de litige ou de conflit d&#039;interpr\u00e9tation des termes qui composent le pr\u00e9sent avis juridique, ainsi que pour toute question li\u00e9e aux services de ce site Web et \u00e0 ses politiques, sera la loi espagnole.<\/p><p>De mani\u00e8re g\u00e9n\u00e9rale, nous nous soumettons aux dispositions du R\u00e8glement europ\u00e9en sur la protection des donn\u00e9es (RGPD) (UE) 2016\/679 du Parlement europ\u00e9en et du Conseil du 27 avril 2016, ainsi que de la loi sur les services de donn\u00e9es (soci\u00e9t\u00e9 de l&#039;information). LSSICE), loi 34\/2002 du 11 juillet sur les services de la soci\u00e9t\u00e9 de l&#039;information et le commerce \u00e9lectronique<\/p><p>Pour r\u00e9soudre tout conflit pouvant survenir lors de la visite du site Web, LE PROPRI\u00c9TAIRE et l&#039;utilisateur se soumettront \u00e0 la juridiction \u00e9tablie par la r\u00e9glementation en vigueur.<\/p>\t\t\t\t\t\t\t\t<\/div>\n\t\t\t\t<\/div>\n\t\t\t\t\t<\/div>\n\t\t\t\t<\/div>\n\t\t\t\t<\/div>","protected":false},"excerpt":{"rendered":"<p>Aviso Legal Aviso Legal del dominio restaurantepetitazca.es EL PROPIETARIO DE LA WEB, en cumplimiento de la Ley 34\/2002, de 11 de julio, de Servicios de la Sociedad de la Informaci\u00f3n y de Comercio Electr\u00f3nico, le informa de que: Su denominaci\u00f3n social es: FILSERRE SLUSu NIF es:\u00a0B86244944Su domicilio social est\u00e1 en: Avenida del Presidente Carmona N1. [&hellip;]<\/p>\n","protected":false},"author":2,"featured_media":0,"parent":0,"menu_order":0,"comment_status":"closed","ping_status":"closed","template":"","meta":{"footnotes":""},"class_list":["post-599","page","type-page","status-publish","hentry"],"yoast_head":"<!-- This site is optimized with the Yoast SEO plugin v27.4 - https:\/\/yoast.com\/product\/yoast-seo-wordpress\/ -->\n<title>Aviso Legal - Petit Azca<\/title>\n<meta name=\"robots\" content=\"index, follow, max-snippet:-1, max-image-preview:large, max-video-preview:-1\" \/>\n<link rel=\"canonical\" href=\"https:\/\/restaurantepetitazca.es\/fr\/aviso-legal\/\" \/>\n<meta property=\"og:locale\" content=\"fr_FR\" \/>\n<meta property=\"og:type\" content=\"article\" \/>\n<meta property=\"og:title\" content=\"Aviso Legal - Petit Azca\" \/>\n<meta property=\"og:description\" content=\"Aviso Legal Aviso Legal del dominio restaurantepetitazca.es EL PROPIETARIO DE LA WEB, en cumplimiento de la Ley 34\/2002, de 11 de julio, de Servicios de la Sociedad de la Informaci\u00f3n y de Comercio Electr\u00f3nico, le informa de que: Su denominaci\u00f3n social es: FILSERRE SLUSu NIF es:\u00a0B86244944Su domicilio social est\u00e1 en: Avenida del Presidente Carmona N1. [&hellip;]\" \/>\n<meta property=\"og:url\" content=\"https:\/\/restaurantepetitazca.es\/fr\/aviso-legal\/\" \/>\n<meta property=\"og:site_name\" content=\"Petit Azca\" \/>\n<meta property=\"article:modified_time\" content=\"2025-09-08T09:24:04+00:00\" \/>\n<meta name=\"twitter:card\" content=\"summary_large_image\" \/>\n<meta name=\"twitter:label1\" content=\"Dur\u00e9e de lecture estim\u00e9e\" \/>\n\t<meta name=\"twitter:data1\" content=\"9 minutes\" \/>\n<script type=\"application\/ld+json\" class=\"yoast-schema-graph\">{\"@context\":\"https:\\\/\\\/schema.org\",\"@graph\":[{\"@type\":\"WebPage\",\"@id\":\"https:\\\/\\\/restaurantepetitazca.es\\\/aviso-legal\\\/\",\"url\":\"https:\\\/\\\/restaurantepetitazca.es\\\/aviso-legal\\\/\",\"name\":\"Aviso Legal - Petit Azca\",\"isPartOf\":{\"@id\":\"https:\\\/\\\/restaurantepetitazca.es\\\/#website\"},\"datePublished\":\"2024-05-15T17:45:04+00:00\",\"dateModified\":\"2025-09-08T09:24:04+00:00\",\"breadcrumb\":{\"@id\":\"https:\\\/\\\/restaurantepetitazca.es\\\/aviso-legal\\\/#breadcrumb\"},\"inLanguage\":\"fr-FR\",\"potentialAction\":[{\"@type\":\"ReadAction\",\"target\":[\"https:\\\/\\\/restaurantepetitazca.es\\\/aviso-legal\\\/\"]}]},{\"@type\":\"BreadcrumbList\",\"@id\":\"https:\\\/\\\/restaurantepetitazca.es\\\/aviso-legal\\\/#breadcrumb\",\"itemListElement\":[{\"@type\":\"ListItem\",\"position\":1,\"name\":\"Portada\",\"item\":\"https:\\\/\\\/restaurantepetitazca.es\\\/\"},{\"@type\":\"ListItem\",\"position\":2,\"name\":\"Aviso Legal\"}]},{\"@type\":\"WebSite\",\"@id\":\"https:\\\/\\\/restaurantepetitazca.es\\\/#website\",\"url\":\"https:\\\/\\\/restaurantepetitazca.es\\\/\",\"name\":\"Petit Azca Restaurante\",\"description\":\"Restaurante\",\"publisher\":{\"@id\":\"https:\\\/\\\/restaurantepetitazca.es\\\/#organization\"},\"potentialAction\":[{\"@type\":\"SearchAction\",\"target\":{\"@type\":\"EntryPoint\",\"urlTemplate\":\"https:\\\/\\\/restaurantepetitazca.es\\\/?s={search_term_string}\"},\"query-input\":{\"@type\":\"PropertyValueSpecification\",\"valueRequired\":true,\"valueName\":\"search_term_string\"}}],\"inLanguage\":\"fr-FR\"},{\"@type\":\"Organization\",\"@id\":\"https:\\\/\\\/restaurantepetitazca.es\\\/#organization\",\"name\":\"Petit Azca Restaurante\",\"url\":\"https:\\\/\\\/restaurantepetitazca.es\\\/\",\"logo\":{\"@type\":\"ImageObject\",\"inLanguage\":\"fr-FR\",\"@id\":\"https:\\\/\\\/restaurantepetitazca.es\\\/#\\\/schema\\\/logo\\\/image\\\/\",\"url\":\"https:\\\/\\\/restaurantepetitazca.es\\\/wp-content\\\/uploads\\\/2024\\\/04\\\/cropped-Logo.png\",\"contentUrl\":\"https:\\\/\\\/restaurantepetitazca.es\\\/wp-content\\\/uploads\\\/2024\\\/04\\\/cropped-Logo.png\",\"width\":1918,\"height\":509,\"caption\":\"Petit Azca Restaurante\"},\"image\":{\"@id\":\"https:\\\/\\\/restaurantepetitazca.es\\\/#\\\/schema\\\/logo\\\/image\\\/\"}}]}<\/script>\n<!-- \/ Yoast SEO plugin. -->","yoast_head_json":{"title":"Aviso Legal - Petit Azca","robots":{"index":"index","follow":"follow","max-snippet":"max-snippet:-1","max-image-preview":"max-image-preview:large","max-video-preview":"max-video-preview:-1"},"canonical":"https:\/\/restaurantepetitazca.es\/fr\/aviso-legal\/","og_locale":"fr_FR","og_type":"article","og_title":"Aviso Legal - Petit Azca","og_description":"Aviso Legal Aviso Legal del dominio restaurantepetitazca.es EL PROPIETARIO DE LA WEB, en cumplimiento de la Ley 34\/2002, de 11 de julio, de Servicios de la Sociedad de la Informaci\u00f3n y de Comercio Electr\u00f3nico, le informa de que: Su denominaci\u00f3n social es: FILSERRE SLUSu NIF es:\u00a0B86244944Su domicilio social est\u00e1 en: Avenida del Presidente Carmona N1. [&hellip;]","og_url":"https:\/\/restaurantepetitazca.es\/fr\/aviso-legal\/","og_site_name":"Petit Azca","article_modified_time":"2025-09-08T09:24:04+00:00","twitter_card":"summary_large_image","twitter_misc":{"Dur\u00e9e de lecture estim\u00e9e":"9 minutes"},"schema":{"@context":"https:\/\/schema.org","@graph":[{"@type":"WebPage","@id":"https:\/\/restaurantepetitazca.es\/aviso-legal\/","url":"https:\/\/restaurantepetitazca.es\/aviso-legal\/","name":"Aviso Legal - Petit Azca","isPartOf":{"@id":"https:\/\/restaurantepetitazca.es\/#website"},"datePublished":"2024-05-15T17:45:04+00:00","dateModified":"2025-09-08T09:24:04+00:00","breadcrumb":{"@id":"https:\/\/restaurantepetitazca.es\/aviso-legal\/#breadcrumb"},"inLanguage":"fr-FR","potentialAction":[{"@type":"ReadAction","target":["https:\/\/restaurantepetitazca.es\/aviso-legal\/"]}]},{"@type":"BreadcrumbList","@id":"https:\/\/restaurantepetitazca.es\/aviso-legal\/#breadcrumb","itemListElement":[{"@type":"ListItem","position":1,"name":"Portada","item":"https:\/\/restaurantepetitazca.es\/"},{"@type":"ListItem","position":2,"name":"Aviso Legal"}]},{"@type":"WebSite","@id":"https:\/\/restaurantepetitazca.es\/#website","url":"https:\/\/restaurantepetitazca.es\/","name":"Restaurant Petit Azca","description":"Restaurant","publisher":{"@id":"https:\/\/restaurantepetitazca.es\/#organization"},"potentialAction":[{"@type":"SearchAction","target":{"@type":"EntryPoint","urlTemplate":"https:\/\/restaurantepetitazca.es\/?s={search_term_string}"},"query-input":{"@type":"PropertyValueSpecification","valueRequired":true,"valueName":"search_term_string"}}],"inLanguage":"fr-FR"},{"@type":"Organization","@id":"https:\/\/restaurantepetitazca.es\/#organization","name":"Restaurant Petit Azca","url":"https:\/\/restaurantepetitazca.es\/","logo":{"@type":"ImageObject","inLanguage":"fr-FR","@id":"https:\/\/restaurantepetitazca.es\/#\/schema\/logo\/image\/","url":"https:\/\/restaurantepetitazca.es\/wp-content\/uploads\/2024\/04\/cropped-Logo.png","contentUrl":"https:\/\/restaurantepetitazca.es\/wp-content\/uploads\/2024\/04\/cropped-Logo.png","width":1918,"height":509,"caption":"Petit Azca Restaurante"},"image":{"@id":"https:\/\/restaurantepetitazca.es\/#\/schema\/logo\/image\/"}}]}},"_links":{"self":[{"href":"https:\/\/restaurantepetitazca.es\/fr\/wp-json\/wp\/v2\/pages\/599","targetHints":{"allow":["GET"]}}],"collection":[{"href":"https:\/\/restaurantepetitazca.es\/fr\/wp-json\/wp\/v2\/pages"}],"about":[{"href":"https:\/\/restaurantepetitazca.es\/fr\/wp-json\/wp\/v2\/types\/page"}],"author":[{"embeddable":true,"href":"https:\/\/restaurantepetitazca.es\/fr\/wp-json\/wp\/v2\/users\/2"}],"replies":[{"embeddable":true,"href":"https:\/\/restaurantepetitazca.es\/fr\/wp-json\/wp\/v2\/comments?post=599"}],"version-history":[{"count":10,"href":"https:\/\/restaurantepetitazca.es\/fr\/wp-json\/wp\/v2\/pages\/599\/revisions"}],"predecessor-version":[{"id":3684,"href":"https:\/\/restaurantepetitazca.es\/fr\/wp-json\/wp\/v2\/pages\/599\/revisions\/3684"}],"wp:attachment":[{"href":"https:\/\/restaurantepetitazca.es\/fr\/wp-json\/wp\/v2\/media?parent=599"}],"curies":[{"name":"wp","href":"https:\/\/api.w.org\/{rel}","templated":true}]}}