{"id":612,"date":"2024-05-15T17:49:45","date_gmt":"2024-05-15T17:49:45","guid":{"rendered":"https:\/\/restaurantepetitazca.es\/?page_id=612"},"modified":"2024-05-15T17:50:33","modified_gmt":"2024-05-15T17:50:33","slug":"declaracion-de-accesibilidad","status":"publish","type":"page","link":"https:\/\/restaurantepetitazca.es\/fr\/declaracion-de-accesibilidad\/","title":{"rendered":"D\u00e9claration d&#039;accessibilit\u00e9"},"content":{"rendered":"<div data-elementor-type=\"wp-page\" data-elementor-id=\"612\" class=\"elementor elementor-612\" data-elementor-post-type=\"page\">\n\t\t\t\t<div class=\"elementor-element elementor-element-2253a74c e-flex e-con-boxed e-con e-parent\" data-id=\"2253a74c\" data-element_type=\"container\" data-e-type=\"container\" data-settings=\"{&quot;jet_parallax_layout_list&quot;:[]}\">\n\t\t\t\t\t<div class=\"e-con-inner\">\n\t\t\t\t<div class=\"elementor-element elementor-element-7ed70596 elementor-widget elementor-widget-heading\" data-id=\"7ed70596\" data-element_type=\"widget\" data-e-type=\"widget\" data-widget_type=\"heading.default\">\n\t\t\t\t<div class=\"elementor-widget-container\">\n\t\t\t\t\t<h2 class=\"elementor-heading-title elementor-size-default\">D\u00e9claration d&#039;accessibilit\u00e9\n<\/h2>\t\t\t\t<\/div>\n\t\t\t\t<\/div>\n\t\t\t\t<div class=\"elementor-element elementor-element-5be58491 elementor-widget elementor-widget-text-editor\" data-id=\"5be58491\" data-element_type=\"widget\" data-e-type=\"widget\" data-widget_type=\"text-editor.default\">\n\t\t\t\t<div class=\"elementor-widget-container\">\n\t\t\t\t\t\t\t\t\t<ul class=\"ul1\"><li class=\"li2\"><b>D\u00e9claration d&#039;accessibilit\u00e9<\/b><\/li><\/ul><p class=\"p3\"><span class=\"s2\">L&#039;Agence espagnole de protection des donn\u00e9es s&#039;est engag\u00e9e \u00e0 rendre ses sites Web accessibles conform\u00e9ment \u00e0 la\u00a0<a href=\"https:\/\/www.boe.es\/buscar\/act.php?id=BOE-A-2018-12699\" target=\"_blank\" rel=\"noopener\"><span class=\"s3\"><b>D\u00e9cret royal 1112\/2018 du 7 septembre sur l&#039;accessibilit\u00e9 des sites Web et des applications pour appareils mobiles du secteur public<\/b><\/span><\/a>.<\/span><span class=\"s4\"><span class=\"Apple-converted-space\">\u00a0\u00a0<\/span><a href=\"https:\/\/www.boe.es\/buscar\/act.php?id=BOE-A-2018-12699\" target=\"_blank\" rel=\"noopener\"><span class=\"s5\">https:\/\/www.boe.es\/buscar\/act.php?id=BOE-A-2018-12699<\/span><\/a><\/span><\/p><p class=\"p2\"><b>SITUATION DE CONFORMIT\u00c9<\/b><\/p><p class=\"p2\">Ce site Web est\u00a0<b>partiellement conforme<\/b>\u00a0avec lui\u00a0<a href=\"https:\/\/www.boe.es\/diario_boe\/txt.php?id=BOE-A-2018-12699\" target=\"_blank\" rel=\"noopener\"><span class=\"s3\"><b>AR 1112\/2018<\/b><\/span><\/a>\u00a0<a href=\"https:\/\/www.boe.es\/diario_boe\/txt.php?id=BOE-A-2018-12699\" target=\"_blank\" rel=\"noopener\"><span class=\"s6\">https:\/\/www.boe.es\/diario_boe\/txt.php?id=BOE-A-2018-12699<\/span><\/a>\u00a0\u00a0en raison des exceptions et du manque de conformit\u00e9 des aspects indiqu\u00e9s ci-dessous.<\/p><p class=\"p4\"><b>CONTENU NON ACCESSIBLE<\/b><\/p><p class=\"p4\">Le contenu collect\u00e9 ci-dessous n&#039;est pas accessible pour les raisons suivantes\u00a0:\u00a0<\/p><ul class=\"ul1\"><li class=\"li4\"><b>Non-conformit\u00e9 au RD 1112\/2018\u00a0:<\/b><ul class=\"ul1\"><li class=\"li4\">Sur le portail, il peut y avoir du contenu dans d&#039;autres langues dans lequel le changement de langue n&#039;est pas correctement \u00e9tiquet\u00e9.<\/li><li class=\"li4\">Les \u00e9l\u00e9ments multim\u00e9dias uniquement audio n\u2019ont pas d\u2019alternative<\/li><li class=\"li4\">Il y a des vid\u00e9os sans sous-titres<\/li><li class=\"li4\">Il y a du contenu textuel sans contraste suffisant<\/li><li class=\"li4\">On observe que dans certains cas la mise au point ne respecte pas le rapport de contraste minimum requis.<\/li><li class=\"li4\">Dans certains cas, un chevauchement de contenu peut se produire<\/li><li class=\"li4\">Il existe des documents PDF avec des probl\u00e8mes d&#039;accessibilit\u00e9<\/li><\/ul><\/li><li class=\"li4\"><b>Charge disproportionn\u00e9e\u00a0:<\/b><\/li><\/ul><p class=\"p4\">\u00a0 \u00a0 \u00a0 \u00a0 \u00a0 Ne s&#039;applique pas.<\/p><ul class=\"ul1\"><li class=\"li4\"><b>Le contenu n\u2019entre pas dans le champ d\u2019application de la l\u00e9gislation applicable\u00a0:<\/b><\/li><\/ul><p class=\"p4\">\u00a0 \u00a0 \u00a0 \u00a0 \u00a0 Il se peut que des documents au format PDF publi\u00e9s avant le 20 septembre 2018 ne respectent pas enti\u00e8rement toutes les exigences en mati\u00e8re d&#039;accessibilit\u00e9.<\/p><p class=\"p4\"><b>PR\u00c9PARATION DE CETTE D\u00c9CLARATION D&#039;ACCESSIBILIT\u00c9<\/b><\/p><p class=\"p2\">Cette d\u00e9claration a \u00e9t\u00e9 pr\u00e9par\u00e9e le 22 mars 2023.<\/p><p class=\"p2\">La m\u00e9thode utilis\u00e9e pour cette d\u00e9claration a \u00e9t\u00e9 une auto-\u00e9valuation r\u00e9alis\u00e9e par l&#039;Agence elle-m\u00eame avec le soutien du\u00a0<a href=\"https:\/\/herramienta-ira.administracionelectronica.gob.es\/#!\/\" target=\"_blank\" rel=\"noopener\"><span class=\"s3\"><b>Outil IRA (rapport d&#039;examen de l&#039;accessibilit\u00e9)<\/b><\/span><\/a>\u00a0<a href=\"https:\/\/herramienta-ira.administracionelectronica.gob.es\/#!\/\" target=\"_blank\" rel=\"noopener\"><span class=\"s6\">https:\/\/herramienta-ira.administracionelectronica.gob.es\/#!\/<\/span><\/a>\u00a0de l\u2019Observatoire de l\u2019Accessibilit\u00e9.<\/p><p class=\"p2\">Derni\u00e8re r\u00e9vision de la d\u00e9claration : 22 mars 2023<\/p><p class=\"p4\"><b>OBSERVATIONS ET COORDONN\u00c9ES<\/b><\/p><ul class=\"ul1\"><li class=\"li4\"><b>Communications sur les exigences en mati\u00e8re d\u2019accessibilit\u00e9<\/b><\/li><\/ul><p class=\"p4\">Vous pouvez faire des communications sur les exigences d&#039;accessibilit\u00e9 (article 10.2.a de l&#039;AR 1112\/2018) comme, par exemple :<\/p><ul class=\"ul1\"><li class=\"li4\"><b>signaler toute \u00e9ventuelle non-conformit\u00e9 de la part de ce site<\/b><\/li><li class=\"li4\"><b>transmettre d&#039;autres difficult\u00e9s d&#039;acc\u00e8s au contenu<\/b><\/li><li class=\"li2\"><b>formuler toute autre question ou suggestion d\u2019am\u00e9lioration concernant l\u2019accessibilit\u00e9 du site Internet<\/b><\/li><\/ul><p class=\"p3\"><span class=\"s2\">\u00e0 travers le\u00a0<a href=\"https:\/\/sedeagpd.gob.es\/sede-electronica-web\/vistas\/formQuejasSugerencias\/formRequisitosAccesibilidad.jsf\" target=\"_blank\" rel=\"noopener\"><span class=\"s3\"><b>formulaire de contact sur les exigences en mati\u00e8re d&#039;accessibilit\u00e9<\/b><\/span><\/a>\u00a0\u00a0<a href=\"https:\/\/sedeagpd.gob.es\/sede-electronica-web\/vistas\/formQuejasSugerencias\/accesible_quejas.jsf\" target=\"_blank\" rel=\"noopener\"><span class=\"s3\">https:\/\/sedeagpd.gob.es\/sede-electronica-web\/vistas\/formQuejasSugerencias\/accesible_quejas.jsf<\/span><\/a>\u00a0d\u00e9sign\u00e9s \u00e0 cet effet au si\u00e8ge \u00e9lectronique de l&#039;Agence.<\/span><\/p><p class=\"p4\">Les communications seront re\u00e7ues et trait\u00e9es par l&#039;Unit\u00e9 Charg\u00e9e de l&#039;Accessibilit\u00e9 de la Sous-direction G\u00e9n\u00e9rale de Promotion et Autorisations.<\/p><ul class=\"ul1\"><li class=\"li2\"><b>Demandes d\u2019information et plaintes accessibles<\/b><\/li><\/ul><p class=\"p3\"><span class=\"s2\">\u00c0 travers le\u00a0<a href=\"https:\/\/sedeagpd.gob.es\/sede-electronica-web\/vistas\/formQuejasSugerencias\/accesible_quejas.jsf\" target=\"_blank\" rel=\"noopener\"><span class=\"s3\"><b>Formulaire de demande d&#039;information et de plainte sur l&#039;accessibilit\u00e9 pour les plaintes en mati\u00e8re d&#039;accessibilit\u00e9<\/b><\/span><\/a>\u00a0peut pr\u00e9senter :<\/span><\/p><ul class=\"ul1\"><li class=\"li4\"><b>une R\u00e9clamation concernant le respect des exigences du RD 1112\/2018 ou<\/b><\/li><li class=\"li4\"><b>une demande d\u2019information accessible concernant\u00a0:<\/b><ul class=\"ul1\"><li class=\"li4\">contenus exclus du champ d&#039;application du RD 1112\/2018 tel qu&#039;\u00e9tabli par l&#039;article 3, section 4<\/li><li class=\"li4\">les contenus qui sont exempt\u00e9s du respect des exigences en mati\u00e8re d\u2019accessibilit\u00e9 parce qu\u2019ils imposent une charge disproportionn\u00e9e.<\/li><\/ul><\/li><\/ul><p class=\"p2\">Dans la demande d&#039;informations accessibles, les faits, les raisons et la demande doivent \u00eatre clairement pr\u00e9cis\u00e9s afin de nous permettre de v\u00e9rifier qu&#039;il s&#039;agit d&#039;une demande raisonnable et l\u00e9gitime.<\/p><p class=\"p4\"><b>PROC\u00c9DURE DE DEMANDE<\/b><\/p><p class=\"p2\">Si une fois qu&#039;une demande d&#039;information accessible ou une plainte a \u00e9t\u00e9 pr\u00e9sent\u00e9e, elle a \u00e9t\u00e9 rejet\u00e9e, la d\u00e9cision prise n&#039;est pas convenue ou la r\u00e9ponse ne r\u00e9pond pas aux exigences pr\u00e9vues \u00e0 l&#039;article 12.5 du RD 1112\/2018, la personne int\u00e9ress\u00e9e peut engager une proc\u00e9dure. r\u00e9clamer. De m\u00eame, une r\u00e9clamation peut \u00eatre initi\u00e9e si aucune r\u00e9ponse n\u2019a \u00e9t\u00e9 obtenue.<\/p><p class=\"p6\"><span class=\"s2\">La proc\u00e9dure de r\u00e9clamation incluse \u00e0 l&#039;article 13 du RD 1112\/2018 peut \u00eatre initi\u00e9e via\u00a0<a href=\"https:\/\/sedeagpd.gob.es\/sede-electronica-web\/vistas\/formProcedimientoEntrada\/procedimientoEntradaAmpliado.jsf\" target=\"_blank\" rel=\"noopener\"><span class=\"s3\"><b>ce lien<\/b><\/span><\/a>.\u00a0<a href=\"https:\/\/sedeagpd.gob.es\/sede-electronica-web\/vistas\/formProcedimientoEntrada\/procedimientoEntradaAmpliado.jsf\" target=\"_blank\" rel=\"noopener\"><span class=\"s6\">https:\/\/sedeagpd.gob.es\/sede-electronica-web\/vistas\/formProcedimientoEntrada\/procedimientoEntradaAmpliado.jsf<\/span><\/a><\/span><\/p><p class=\"p4\"><b>CONTENU OPTIONNEL<\/b><\/p><p class=\"p4\">Le site Web:<\/p><ul class=\"ul1\"><li class=\"li4\">Il a \u00e9t\u00e9 con\u00e7u pour s&#039;adapter aux normes et r\u00e9glementations en vigueur en mati\u00e8re d&#039;accessibilit\u00e9, en respectant les points de v\u00e9rification de priorit\u00e9 2 (AA) d\u00e9finis dans la sp\u00e9cification Web Content Accessibility Guidelines (WCAG 2.1).<\/li><li class=\"li4\">Il est optimis\u00e9 pour les derni\u00e8res versions de Chrome, Edge, Firefox, Safari et Opera<\/li><li class=\"li4\">est con\u00e7u pour une visualisation correcte sur n&#039;importe quelle r\u00e9solution et ordinateur de bureau, tablette ou appareil mobile (conception\u00a0<i>sensible<\/i>)<\/li><li class=\"li4\">Il a \u00e9t\u00e9 r\u00e9alis\u00e9 en utilisant HTML5 comme langage de balisage et des feuilles de style CSS 3 pour sa conception.<\/li><\/ul><p class=\"p4\">De plus, un travail continu d&#039;audit et de r\u00e9vision du contenu est effectu\u00e9 pour faciliter son interpr\u00e9tation et am\u00e9liorer la navigation sur le portail Web.<\/p>\t\t\t\t\t\t\t\t<\/div>\n\t\t\t\t<\/div>\n\t\t\t\t\t<\/div>\n\t\t\t\t<\/div>\n\t\t\t\t<\/div>","protected":false},"excerpt":{"rendered":"<p>Declaraci\u00f3n de Accesibilidad Declaraci\u00f3n de accesibilidad La Agencia Espa\u00f1ola de Protecci\u00f3n de Datos se ha comprometido a hacer accesibles sus sitios web\u00a0de conformidad con el\u00a0Real Decreto 1112\/2018, de 7 de septiembre, sobre accesibilidad de los sitios web y aplicaciones para dispositivos m\u00f3viles del sector p\u00fablico.\u00a0\u00a0https:\/\/www.boe.es\/buscar\/act.php?id=BOE-A-2018-12699 SITUACI\u00d3N DE CUMPLIMIENTO Este sitio web es\u00a0parcialmente conforme\u00a0con el\u00a0RD 1112\/2018\u00a0https:\/\/www.boe.es\/diario_boe\/txt.php?id=BOE-A-2018-12699\u00a0\u00a0debido [&hellip;]<\/p>\n","protected":false},"author":2,"featured_media":0,"parent":0,"menu_order":0,"comment_status":"closed","ping_status":"closed","template":"","meta":{"footnotes":""},"class_list":["post-612","page","type-page","status-publish","hentry"],"yoast_head":"<!-- This site is optimized with the Yoast SEO plugin v27.4 - https:\/\/yoast.com\/product\/yoast-seo-wordpress\/ -->\n<title>Declaraci\u00f3n de Accesibilidad - Petit Azca<\/title>\n<meta name=\"robots\" content=\"index, follow, max-snippet:-1, max-image-preview:large, max-video-preview:-1\" \/>\n<link rel=\"canonical\" href=\"https:\/\/restaurantepetitazca.es\/fr\/declaracion-de-accesibilidad\/\" \/>\n<meta property=\"og:locale\" content=\"fr_FR\" \/>\n<meta property=\"og:type\" content=\"article\" \/>\n<meta property=\"og:title\" content=\"Declaraci\u00f3n de Accesibilidad - Petit Azca\" \/>\n<meta property=\"og:description\" content=\"Declaraci\u00f3n de Accesibilidad Declaraci\u00f3n de accesibilidad La Agencia Espa\u00f1ola de Protecci\u00f3n de Datos se ha comprometido a hacer accesibles sus sitios web\u00a0de conformidad con el\u00a0Real Decreto 1112\/2018, de 7 de septiembre, sobre accesibilidad de los sitios web y aplicaciones para dispositivos m\u00f3viles del sector p\u00fablico.\u00a0\u00a0https:\/\/www.boe.es\/buscar\/act.php?id=BOE-A-2018-12699 SITUACI\u00d3N DE CUMPLIMIENTO Este sitio web es\u00a0parcialmente conforme\u00a0con el\u00a0RD 1112\/2018\u00a0https:\/\/www.boe.es\/diario_boe\/txt.php?id=BOE-A-2018-12699\u00a0\u00a0debido [&hellip;]\" \/>\n<meta property=\"og:url\" content=\"https:\/\/restaurantepetitazca.es\/fr\/declaracion-de-accesibilidad\/\" \/>\n<meta property=\"og:site_name\" content=\"Petit Azca\" \/>\n<meta property=\"article:modified_time\" content=\"2024-05-15T17:50:33+00:00\" \/>\n<meta name=\"twitter:card\" content=\"summary_large_image\" \/>\n<meta name=\"twitter:label1\" content=\"Dur\u00e9e de lecture estim\u00e9e\" \/>\n\t<meta name=\"twitter:data1\" content=\"4 minutes\" \/>\n<script type=\"application\/ld+json\" class=\"yoast-schema-graph\">{\"@context\":\"https:\\\/\\\/schema.org\",\"@graph\":[{\"@type\":\"WebPage\",\"@id\":\"https:\\\/\\\/restaurantepetitazca.es\\\/declaracion-de-accesibilidad\\\/\",\"url\":\"https:\\\/\\\/restaurantepetitazca.es\\\/declaracion-de-accesibilidad\\\/\",\"name\":\"Declaraci\u00f3n de Accesibilidad - Petit Azca\",\"isPartOf\":{\"@id\":\"https:\\\/\\\/restaurantepetitazca.es\\\/#website\"},\"datePublished\":\"2024-05-15T17:49:45+00:00\",\"dateModified\":\"2024-05-15T17:50:33+00:00\",\"breadcrumb\":{\"@id\":\"https:\\\/\\\/restaurantepetitazca.es\\\/declaracion-de-accesibilidad\\\/#breadcrumb\"},\"inLanguage\":\"fr-FR\",\"potentialAction\":[{\"@type\":\"ReadAction\",\"target\":[\"https:\\\/\\\/restaurantepetitazca.es\\\/declaracion-de-accesibilidad\\\/\"]}]},{\"@type\":\"BreadcrumbList\",\"@id\":\"https:\\\/\\\/restaurantepetitazca.es\\\/declaracion-de-accesibilidad\\\/#breadcrumb\",\"itemListElement\":[{\"@type\":\"ListItem\",\"position\":1,\"name\":\"Portada\",\"item\":\"https:\\\/\\\/restaurantepetitazca.es\\\/\"},{\"@type\":\"ListItem\",\"position\":2,\"name\":\"Declaraci\u00f3n de Accesibilidad\"}]},{\"@type\":\"WebSite\",\"@id\":\"https:\\\/\\\/restaurantepetitazca.es\\\/#website\",\"url\":\"https:\\\/\\\/restaurantepetitazca.es\\\/\",\"name\":\"Petit Azca Restaurante\",\"description\":\"Restaurante\",\"publisher\":{\"@id\":\"https:\\\/\\\/restaurantepetitazca.es\\\/#organization\"},\"potentialAction\":[{\"@type\":\"SearchAction\",\"target\":{\"@type\":\"EntryPoint\",\"urlTemplate\":\"https:\\\/\\\/restaurantepetitazca.es\\\/?s={search_term_string}\"},\"query-input\":{\"@type\":\"PropertyValueSpecification\",\"valueRequired\":true,\"valueName\":\"search_term_string\"}}],\"inLanguage\":\"fr-FR\"},{\"@type\":\"Organization\",\"@id\":\"https:\\\/\\\/restaurantepetitazca.es\\\/#organization\",\"name\":\"Petit Azca Restaurante\",\"url\":\"https:\\\/\\\/restaurantepetitazca.es\\\/\",\"logo\":{\"@type\":\"ImageObject\",\"inLanguage\":\"fr-FR\",\"@id\":\"https:\\\/\\\/restaurantepetitazca.es\\\/#\\\/schema\\\/logo\\\/image\\\/\",\"url\":\"https:\\\/\\\/restaurantepetitazca.es\\\/wp-content\\\/uploads\\\/2024\\\/04\\\/cropped-Logo.png\",\"contentUrl\":\"https:\\\/\\\/restaurantepetitazca.es\\\/wp-content\\\/uploads\\\/2024\\\/04\\\/cropped-Logo.png\",\"width\":1918,\"height\":509,\"caption\":\"Petit Azca Restaurante\"},\"image\":{\"@id\":\"https:\\\/\\\/restaurantepetitazca.es\\\/#\\\/schema\\\/logo\\\/image\\\/\"}}]}<\/script>\n<!-- \/ Yoast SEO plugin. -->","yoast_head_json":{"title":"D\u00e9claration d&#039;accessibilit\u00e9 - Petit Azca","robots":{"index":"index","follow":"follow","max-snippet":"max-snippet:-1","max-image-preview":"max-image-preview:large","max-video-preview":"max-video-preview:-1"},"canonical":"https:\/\/restaurantepetitazca.es\/fr\/declaracion-de-accesibilidad\/","og_locale":"fr_FR","og_type":"article","og_title":"Declaraci\u00f3n de Accesibilidad - Petit Azca","og_description":"Declaraci\u00f3n de Accesibilidad Declaraci\u00f3n de accesibilidad La Agencia Espa\u00f1ola de Protecci\u00f3n de Datos se ha comprometido a hacer accesibles sus sitios web\u00a0de conformidad con el\u00a0Real Decreto 1112\/2018, de 7 de septiembre, sobre accesibilidad de los sitios web y aplicaciones para dispositivos m\u00f3viles del sector p\u00fablico.\u00a0\u00a0https:\/\/www.boe.es\/buscar\/act.php?id=BOE-A-2018-12699 SITUACI\u00d3N DE CUMPLIMIENTO Este sitio web es\u00a0parcialmente conforme\u00a0con el\u00a0RD 1112\/2018\u00a0https:\/\/www.boe.es\/diario_boe\/txt.php?id=BOE-A-2018-12699\u00a0\u00a0debido [&hellip;]","og_url":"https:\/\/restaurantepetitazca.es\/fr\/declaracion-de-accesibilidad\/","og_site_name":"Petit Azca","article_modified_time":"2024-05-15T17:50:33+00:00","twitter_card":"summary_large_image","twitter_misc":{"Dur\u00e9e de lecture estim\u00e9e":"4 minutes"},"schema":{"@context":"https:\/\/schema.org","@graph":[{"@type":"WebPage","@id":"https:\/\/restaurantepetitazca.es\/declaracion-de-accesibilidad\/","url":"https:\/\/restaurantepetitazca.es\/declaracion-de-accesibilidad\/","name":"D\u00e9claration d&#039;accessibilit\u00e9 - Petit Azca","isPartOf":{"@id":"https:\/\/restaurantepetitazca.es\/#website"},"datePublished":"2024-05-15T17:49:45+00:00","dateModified":"2024-05-15T17:50:33+00:00","breadcrumb":{"@id":"https:\/\/restaurantepetitazca.es\/declaracion-de-accesibilidad\/#breadcrumb"},"inLanguage":"fr-FR","potentialAction":[{"@type":"ReadAction","target":["https:\/\/restaurantepetitazca.es\/declaracion-de-accesibilidad\/"]}]},{"@type":"BreadcrumbList","@id":"https:\/\/restaurantepetitazca.es\/declaracion-de-accesibilidad\/#breadcrumb","itemListElement":[{"@type":"ListItem","position":1,"name":"Portada","item":"https:\/\/restaurantepetitazca.es\/"},{"@type":"ListItem","position":2,"name":"Declaraci\u00f3n de Accesibilidad"}]},{"@type":"WebSite","@id":"https:\/\/restaurantepetitazca.es\/#website","url":"https:\/\/restaurantepetitazca.es\/","name":"Restaurant Petit Azca","description":"Restaurant","publisher":{"@id":"https:\/\/restaurantepetitazca.es\/#organization"},"potentialAction":[{"@type":"SearchAction","target":{"@type":"EntryPoint","urlTemplate":"https:\/\/restaurantepetitazca.es\/?s={search_term_string}"},"query-input":{"@type":"PropertyValueSpecification","valueRequired":true,"valueName":"search_term_string"}}],"inLanguage":"fr-FR"},{"@type":"Organization","@id":"https:\/\/restaurantepetitazca.es\/#organization","name":"Restaurant Petit Azca","url":"https:\/\/restaurantepetitazca.es\/","logo":{"@type":"ImageObject","inLanguage":"fr-FR","@id":"https:\/\/restaurantepetitazca.es\/#\/schema\/logo\/image\/","url":"https:\/\/restaurantepetitazca.es\/wp-content\/uploads\/2024\/04\/cropped-Logo.png","contentUrl":"https:\/\/restaurantepetitazca.es\/wp-content\/uploads\/2024\/04\/cropped-Logo.png","width":1918,"height":509,"caption":"Petit Azca Restaurante"},"image":{"@id":"https:\/\/restaurantepetitazca.es\/#\/schema\/logo\/image\/"}}]}},"_links":{"self":[{"href":"https:\/\/restaurantepetitazca.es\/fr\/wp-json\/wp\/v2\/pages\/612","targetHints":{"allow":["GET"]}}],"collection":[{"href":"https:\/\/restaurantepetitazca.es\/fr\/wp-json\/wp\/v2\/pages"}],"about":[{"href":"https:\/\/restaurantepetitazca.es\/fr\/wp-json\/wp\/v2\/types\/page"}],"author":[{"embeddable":true,"href":"https:\/\/restaurantepetitazca.es\/fr\/wp-json\/wp\/v2\/users\/2"}],"replies":[{"embeddable":true,"href":"https:\/\/restaurantepetitazca.es\/fr\/wp-json\/wp\/v2\/comments?post=612"}],"version-history":[{"count":4,"href":"https:\/\/restaurantepetitazca.es\/fr\/wp-json\/wp\/v2\/pages\/612\/revisions"}],"predecessor-version":[{"id":617,"href":"https:\/\/restaurantepetitazca.es\/fr\/wp-json\/wp\/v2\/pages\/612\/revisions\/617"}],"wp:attachment":[{"href":"https:\/\/restaurantepetitazca.es\/fr\/wp-json\/wp\/v2\/media?parent=612"}],"curies":[{"name":"wp","href":"https:\/\/api.w.org\/{rel}","templated":true}]}}